{"id":2888,"date":"2024-08-19T11:23:32","date_gmt":"2024-08-19T11:23:32","guid":{"rendered":"https:\/\/referenceapartments.com\/?page_id=2888"},"modified":"2024-10-28T15:33:33","modified_gmt":"2024-10-28T15:33:33","slug":"apartamentos","status":"publish","type":"page","link":"https:\/\/referenceapartments.com\/en\/apartamentos\/","title":{"rendered":"Apartments"},"content":{"rendered":"<div data-elementor-type=\"wp-page\" data-elementor-id=\"2888\" class=\"elementor elementor-2888\" data-elementor-post-type=\"page\">\n\t\t\t\t\t\t<section class=\"elementor-section elementor-top-section elementor-element elementor-element-3461125 elementor-section-height-min-height elementor-section-boxed elementor-section-height-default elementor-section-items-middle\" data-id=\"3461125\" data-element_type=\"section\" data-settings=\"{&quot;background_background&quot;:&quot;classic&quot;}\">\n\t\t\t\t\t\t\t<div class=\"elementor-background-overlay\"><\/div>\n\t\t\t\t\t\t\t<div class=\"elementor-container elementor-column-gap-default\">\n\t\t\t\t\t<div class=\"elementor-column elementor-col-100 elementor-top-column elementor-element elementor-element-5d8653a\" data-id=\"5d8653a\" data-element_type=\"column\">\n\t\t\t<div class=\"elementor-widget-wrap elementor-element-populated\">\n\t\t\t\t\t\t<div class=\"elementor-element elementor-element-3f5d7cb elementor-invisible elementor-widget elementor-widget-heading\" data-id=\"3f5d7cb\" data-element_type=\"widget\" data-settings=\"{&quot;_animation&quot;:&quot;fadeIn&quot;}\" data-widget_type=\"heading.default\">\n\t\t\t\t<div class=\"elementor-widget-container\">\n\t\t\t\t\t<h1 class=\"elementor-heading-title elementor-size-default\"><b>Apartments<\/b><\/h1>\t\t\t\t<\/div>\n\t\t\t\t<\/div>\n\t\t\t\t<div class=\"elementor-element elementor-element-8e0a0bf elementor-widget elementor-widget-text-editor\" data-id=\"8e0a0bf\" data-element_type=\"widget\" data-widget_type=\"text-editor.default\">\n\t\t\t\t<div class=\"elementor-widget-container\">\n\t\t\t\t\t\t\t\t\t<p>Our apartments offer an incredible experience, either you are on vacation or on business. <br>Enjoy the variety of rooms we have at your disposal and choose the best option for your comfort.<\/p>\t\t\t\t\t\t\t\t<\/div>\n\t\t\t\t<\/div>\n\t\t\t\t\t<\/div>\n\t\t<\/div>\n\t\t\t\t\t<\/div>\n\t\t<\/section>\n\t\t\t\t<section class=\"elementor-section elementor-top-section elementor-element elementor-element-6e5cb4b elementor-section-full_width elementor-section-height-default elementor-section-height-default\" data-id=\"6e5cb4b\" data-element_type=\"section\" data-settings=\"{&quot;background_background&quot;:&quot;classic&quot;}\">\n\t\t\t\t\t\t<div class=\"elementor-container elementor-column-gap-default\">\n\t\t\t\t\t<div class=\"elementor-column elementor-col-100 elementor-top-column elementor-element elementor-element-dd382c4\" data-id=\"dd382c4\" data-element_type=\"column\">\n\t\t\t<div class=\"elementor-widget-wrap elementor-element-populated\">\n\t\t\t\t\t\t<section class=\"elementor-section elementor-inner-section elementor-element elementor-element-4d50fab elementor-section-full_width elementor-reverse-tablet elementor-reverse-mobile elementor-section-height-default elementor-section-height-default\" data-id=\"4d50fab\" data-element_type=\"section\">\n\t\t\t\t\t\t<div class=\"elementor-container elementor-column-gap-no\">\n\t\t\t\t\t<div class=\"elementor-column elementor-col-50 elementor-inner-column elementor-element elementor-element-5744750\" data-id=\"5744750\" data-element_type=\"column\">\n\t\t\t<div class=\"elementor-widget-wrap elementor-element-populated\">\n\t\t\t\t\t\t<div class=\"elementor-element elementor-element-2d04daf elementor-widget elementor-widget-heading\" data-id=\"2d04daf\" data-element_type=\"widget\" data-widget_type=\"heading.default\">\n\t\t\t\t<div class=\"elementor-widget-container\">\n\t\t\t\t\t<h2 class=\"elementor-heading-title elementor-size-default\">Reference Apartment T1<\/h2>\t\t\t\t<\/div>\n\t\t\t\t<\/div>\n\t\t\t\t<div class=\"elementor-element elementor-element-5563af6 elementor-widget__width-initial elementor-widget elementor-widget-text-editor\" data-id=\"5563af6\" data-element_type=\"widget\" data-widget_type=\"text-editor.default\">\n\t\t\t\t<div class=\"elementor-widget-container\">\n\t\t\t\t\t\t\t\t\t<p><span class=\"lrl13de atm_kd_19r6f69_24z95b atm_kd_19r6f69_1xbvphn_1oszvuo dir dir-ltr\">Spacious apartment located in the heart of Lisbon, in Pr\u00edncipe Real. <br>Located in a newly built building with the best finishes, this apartment is brand new, featuring excellent furniture and a top-rated mattress on the market. It has all the amenities for cooking, air conditioning, and maximum comfort. Enjoy an elegant experience in this centrally located space.<\/span><\/p>\t\t\t\t\t\t\t\t<\/div>\n\t\t\t\t<\/div>\n\t\t\t\t<div class=\"elementor-element elementor-element-ed497fd elementor-align-center elementor-widget elementor-widget-button\" data-id=\"ed497fd\" data-element_type=\"widget\" data-widget_type=\"button.default\">\n\t\t\t\t<div class=\"elementor-widget-container\">\n\t\t\t\t\t\t\t\t\t<div class=\"elementor-button-wrapper\">\n\t\t\t\t\t<a class=\"elementor-button elementor-button-link elementor-size-sm\" href=\"https:\/\/referenceapartments.talkguestwebsites.com\/en-GB\/rentals\/23212\/\" target=\"_blank\">\n\t\t\t\t\t\t<span class=\"elementor-button-content-wrapper\">\n\t\t\t\t\t\t\t\t\t<span class=\"elementor-button-text\">Book<\/span>\n\t\t\t\t\t<\/span>\n\t\t\t\t\t<\/a>\n\t\t\t\t<\/div>\n\t\t\t\t\t\t\t\t<\/div>\n\t\t\t\t<\/div>\n\t\t\t\t<div class=\"elementor-element elementor-element-25a28c2 elementor-align-center elementor-widget elementor-widget-button\" data-id=\"25a28c2\" data-element_type=\"widget\" data-widget_type=\"button.default\">\n\t\t\t\t<div class=\"elementor-widget-container\">\n\t\t\t\t\t\t\t\t\t<div class=\"elementor-button-wrapper\">\n\t\t\t\t\t<a class=\"elementor-button elementor-button-link elementor-size-sm\" href=\"https:\/\/referenceapartments.com\/index.php\/galeria\/#ApartamentoT1\">\n\t\t\t\t\t\t<span class=\"elementor-button-content-wrapper\">\n\t\t\t\t\t\t\t\t\t<span class=\"elementor-button-text\">Photographs<\/span>\n\t\t\t\t\t<\/span>\n\t\t\t\t\t<\/a>\n\t\t\t\t<\/div>\n\t\t\t\t\t\t\t\t<\/div>\n\t\t\t\t<\/div>\n\t\t\t\t\t<\/div>\n\t\t<\/div>\n\t\t\t\t<div class=\"elementor-column elementor-col-50 elementor-inner-column elementor-element elementor-element-bf8f503\" data-id=\"bf8f503\" data-element_type=\"column\">\n\t\t\t<div class=\"elementor-widget-wrap elementor-element-populated\">\n\t\t\t\t\t\t<div class=\"elementor-element elementor-element-311ca2f elementor-widget elementor-widget-image\" data-id=\"311ca2f\" data-element_type=\"widget\" data-widget_type=\"image.default\">\n\t\t\t\t<div class=\"elementor-widget-container\">\n\t\t\t\t\t\t\t\t\t\t\t\t\t\t\t<img fetchpriority=\"high\" decoding=\"async\" width=\"2560\" height=\"1707\" src=\"https:\/\/referenceapartments.com\/wp-content\/uploads\/2024\/08\/IMG_8271-HDR-scaled.jpg\" class=\"attachment-full size-full wp-image-4303\" alt=\"\" srcset=\"https:\/\/referenceapartments.com\/wp-content\/uploads\/2024\/08\/IMG_8271-HDR-scaled.jpg 2560w, https:\/\/referenceapartments.com\/wp-content\/uploads\/2024\/08\/IMG_8271-HDR-300x200.jpg 300w, https:\/\/referenceapartments.com\/wp-content\/uploads\/2024\/08\/IMG_8271-HDR-1024x683.jpg 1024w, https:\/\/referenceapartments.com\/wp-content\/uploads\/2024\/08\/IMG_8271-HDR-768x512.jpg 768w, https:\/\/referenceapartments.com\/wp-content\/uploads\/2024\/08\/IMG_8271-HDR-1536x1024.jpg 1536w, https:\/\/referenceapartments.com\/wp-content\/uploads\/2024\/08\/IMG_8271-HDR-2048x1365.jpg 2048w\" sizes=\"(max-width: 2560px) 100vw, 2560px\" \/>\t\t\t\t\t\t\t\t\t\t\t\t\t\t\t<\/div>\n\t\t\t\t<\/div>\n\t\t\t\t\t<\/div>\n\t\t<\/div>\n\t\t\t\t\t<\/div>\n\t\t<\/section>\n\t\t\t\t<section class=\"elementor-section elementor-inner-section elementor-element elementor-element-66ca687 elementor-section-full_width elementor-section-height-default elementor-section-height-default\" data-id=\"66ca687\" data-element_type=\"section\">\n\t\t\t\t\t\t<div class=\"elementor-container elementor-column-gap-no\">\n\t\t\t\t\t<div class=\"elementor-column elementor-col-50 elementor-inner-column elementor-element elementor-element-a9c01f3\" data-id=\"a9c01f3\" data-element_type=\"column\">\n\t\t\t<div class=\"elementor-widget-wrap elementor-element-populated\">\n\t\t\t\t\t\t<div class=\"elementor-element elementor-element-5715b79 elementor-widget__width-initial elementor-widget elementor-widget-image\" data-id=\"5715b79\" data-element_type=\"widget\" data-widget_type=\"image.default\">\n\t\t\t\t<div class=\"elementor-widget-container\">\n\t\t\t\t\t\t\t\t\t\t\t\t\t\t\t<img decoding=\"async\" width=\"2560\" height=\"1707\" src=\"https:\/\/referenceapartments.com\/wp-content\/uploads\/2024\/08\/CasaPR-27-1-scaled.jpg\" class=\"attachment-full size-full wp-image-4304\" alt=\"\" srcset=\"https:\/\/referenceapartments.com\/wp-content\/uploads\/2024\/08\/CasaPR-27-1-scaled.jpg 2560w, https:\/\/referenceapartments.com\/wp-content\/uploads\/2024\/08\/CasaPR-27-1-300x200.jpg 300w, https:\/\/referenceapartments.com\/wp-content\/uploads\/2024\/08\/CasaPR-27-1-1024x683.jpg 1024w, https:\/\/referenceapartments.com\/wp-content\/uploads\/2024\/08\/CasaPR-27-1-768x512.jpg 768w, https:\/\/referenceapartments.com\/wp-content\/uploads\/2024\/08\/CasaPR-27-1-1536x1024.jpg 1536w, https:\/\/referenceapartments.com\/wp-content\/uploads\/2024\/08\/CasaPR-27-1-2048x1365.jpg 2048w\" sizes=\"(max-width: 2560px) 100vw, 2560px\" \/>\t\t\t\t\t\t\t\t\t\t\t\t\t\t\t<\/div>\n\t\t\t\t<\/div>\n\t\t\t\t\t<\/div>\n\t\t<\/div>\n\t\t\t\t<div class=\"elementor-column elementor-col-50 elementor-inner-column elementor-element elementor-element-4b936e6\" data-id=\"4b936e6\" data-element_type=\"column\">\n\t\t\t<div class=\"elementor-widget-wrap elementor-element-populated\">\n\t\t\t\t\t\t<div class=\"elementor-element elementor-element-b7a8a49 elementor-widget elementor-widget-heading\" data-id=\"b7a8a49\" data-element_type=\"widget\" data-widget_type=\"heading.default\">\n\t\t\t\t<div class=\"elementor-widget-container\">\n\t\t\t\t\t<h2 class=\"elementor-heading-title elementor-size-default\">Duplex with Terrace Pr\u00edncipe Real<\/h2>\t\t\t\t<\/div>\n\t\t\t\t<\/div>\n\t\t\t\t<div class=\"elementor-element elementor-element-193bebe elementor-widget__width-initial elementor-widget elementor-widget-text-editor\" data-id=\"193bebe\" data-element_type=\"widget\" data-widget_type=\"text-editor.default\">\n\t\t\t\t<div class=\"elementor-widget-container\">\n\t\t\t\t\t\t\t\t\t<p><span class=\"lrl13de atm_kd_19r6f69_24z95b atm_kd_19r6f69_1xbvphn_1oszvuo dir dir-ltr\">On the top floor, in one of the most sought-after locations in Lisbon, you will find this renovated duplex with a terrace. You will enjoy our newly renovated terrace, bathed in morning sunlight, where you can relax, have your breakfast, or even read a book while listening to the birds sing. It's an invitation to a neighborhood known for its green squares and antique shops, close to Bairro Alto and its vibrant nightlife, yet without being in the center of the noisy nightlife. Be our guest in this charming space!<\/span><\/p>\t\t\t\t\t\t\t\t<\/div>\n\t\t\t\t<\/div>\n\t\t\t\t<div class=\"elementor-element elementor-element-ad5bfc7 elementor-align-center elementor-widget__width-initial elementor-widget elementor-widget-button\" data-id=\"ad5bfc7\" data-element_type=\"widget\" data-widget_type=\"button.default\">\n\t\t\t\t<div class=\"elementor-widget-container\">\n\t\t\t\t\t\t\t\t\t<div class=\"elementor-button-wrapper\">\n\t\t\t\t\t<a class=\"elementor-button elementor-button-link elementor-size-sm\" href=\"https:\/\/referenceapartments.talkguestwebsites.com\/en-GB\/rentals\/23209\/\" target=\"_blank\">\n\t\t\t\t\t\t<span class=\"elementor-button-content-wrapper\">\n\t\t\t\t\t\t\t\t\t<span class=\"elementor-button-text\">Book<\/span>\n\t\t\t\t\t<\/span>\n\t\t\t\t\t<\/a>\n\t\t\t\t<\/div>\n\t\t\t\t\t\t\t\t<\/div>\n\t\t\t\t<\/div>\n\t\t\t\t<div class=\"elementor-element elementor-element-1a3cd61 elementor-align-center elementor-widget elementor-widget-button\" data-id=\"1a3cd61\" data-element_type=\"widget\" data-widget_type=\"button.default\">\n\t\t\t\t<div class=\"elementor-widget-container\">\n\t\t\t\t\t\t\t\t\t<div class=\"elementor-button-wrapper\">\n\t\t\t\t\t<a class=\"elementor-button elementor-button-link elementor-size-sm\" href=\"https:\/\/referenceapartments.com\/index.php\/galeria\/#DuplexTPR\">\n\t\t\t\t\t\t<span class=\"elementor-button-content-wrapper\">\n\t\t\t\t\t\t\t\t\t<span class=\"elementor-button-text\">Photographs<\/span>\n\t\t\t\t\t<\/span>\n\t\t\t\t\t<\/a>\n\t\t\t\t<\/div>\n\t\t\t\t\t\t\t\t<\/div>\n\t\t\t\t<\/div>\n\t\t\t\t\t<\/div>\n\t\t<\/div>\n\t\t\t\t\t<\/div>\n\t\t<\/section>\n\t\t\t\t<section class=\"elementor-section elementor-inner-section elementor-element elementor-element-ec9a10b elementor-section-full_width elementor-reverse-tablet elementor-reverse-mobile elementor-section-height-default elementor-section-height-default\" data-id=\"ec9a10b\" data-element_type=\"section\">\n\t\t\t\t\t\t<div class=\"elementor-container elementor-column-gap-no\">\n\t\t\t\t\t<div class=\"elementor-column elementor-col-50 elementor-inner-column elementor-element elementor-element-4d414fe\" data-id=\"4d414fe\" data-element_type=\"column\">\n\t\t\t<div class=\"elementor-widget-wrap elementor-element-populated\">\n\t\t\t\t\t\t<div class=\"elementor-element elementor-element-fbddaeb elementor-widget elementor-widget-heading\" data-id=\"fbddaeb\" data-element_type=\"widget\" data-widget_type=\"heading.default\">\n\t\t\t\t<div class=\"elementor-widget-container\">\n\t\t\t\t\t<h2 class=\"elementor-heading-title elementor-size-default\">Duplex in Pr\u00edncipe Real<\/h2>\t\t\t\t<\/div>\n\t\t\t\t<\/div>\n\t\t\t\t<div class=\"elementor-element elementor-element-b466221 elementor-widget__width-initial elementor-widget elementor-widget-text-editor\" data-id=\"b466221\" data-element_type=\"widget\" data-widget_type=\"text-editor.default\">\n\t\t\t\t<div class=\"elementor-widget-container\">\n\t\t\t\t\t\t\t\t\t<p><span class=\"lrl13de atm_kd_19r6f69_24z95b atm_kd_19r6f69_1xbvphn_1oszvuo dir dir-ltr\">On the top floor, in one of the most sought-after locations in Lisbon, you will find this renovated duplex with a terrace. It's an invitation to a neighborhood known for its green squares and antique shops, close to Bairro Alto and its vibrant nightlife, yet without being in the center of the noisy nightlife. You will find everything you need in the apartment. The best brunches in the city are in the neighborhood! Be our guest in this charming space!<\/span><\/p>\t\t\t\t\t\t\t\t<\/div>\n\t\t\t\t<\/div>\n\t\t\t\t<div class=\"elementor-element elementor-element-a3aa7bd elementor-align-center elementor-widget__width-initial elementor-widget elementor-widget-button\" data-id=\"a3aa7bd\" data-element_type=\"widget\" data-widget_type=\"button.default\">\n\t\t\t\t<div class=\"elementor-widget-container\">\n\t\t\t\t\t\t\t\t\t<div class=\"elementor-button-wrapper\">\n\t\t\t\t\t<a class=\"elementor-button elementor-button-link elementor-size-sm\" href=\"https:\/\/referenceapartments.talkguestwebsites.com\/en-GB\/rentals\/23183\/\" target=\"_blank\">\n\t\t\t\t\t\t<span class=\"elementor-button-content-wrapper\">\n\t\t\t\t\t\t\t\t\t<span class=\"elementor-button-text\">Book<\/span>\n\t\t\t\t\t<\/span>\n\t\t\t\t\t<\/a>\n\t\t\t\t<\/div>\n\t\t\t\t\t\t\t\t<\/div>\n\t\t\t\t<\/div>\n\t\t\t\t<div class=\"elementor-element elementor-element-11fbcaf elementor-align-center elementor-widget elementor-widget-button\" data-id=\"11fbcaf\" data-element_type=\"widget\" data-widget_type=\"button.default\">\n\t\t\t\t<div class=\"elementor-widget-container\">\n\t\t\t\t\t\t\t\t\t<div class=\"elementor-button-wrapper\">\n\t\t\t\t\t<a class=\"elementor-button elementor-button-link elementor-size-sm\" href=\"https:\/\/referenceapartments.com\/index.php\/galeria\/#DuplexPR\">\n\t\t\t\t\t\t<span class=\"elementor-button-content-wrapper\">\n\t\t\t\t\t\t\t\t\t<span class=\"elementor-button-text\">Photographs<\/span>\n\t\t\t\t\t<\/span>\n\t\t\t\t\t<\/a>\n\t\t\t\t<\/div>\n\t\t\t\t\t\t\t\t<\/div>\n\t\t\t\t<\/div>\n\t\t\t\t\t<\/div>\n\t\t<\/div>\n\t\t\t\t<div class=\"elementor-column elementor-col-50 elementor-inner-column elementor-element elementor-element-d6fcfc4\" data-id=\"d6fcfc4\" data-element_type=\"column\">\n\t\t\t<div class=\"elementor-widget-wrap elementor-element-populated\">\n\t\t\t\t\t\t<div class=\"elementor-element elementor-element-109b0fa elementor-widget elementor-widget-image\" data-id=\"109b0fa\" data-element_type=\"widget\" data-widget_type=\"image.default\">\n\t\t\t\t<div class=\"elementor-widget-container\">\n\t\t\t\t\t\t\t\t\t\t\t\t\t\t\t<img decoding=\"async\" width=\"1052\" height=\"701\" src=\"https:\/\/referenceapartments.com\/wp-content\/uploads\/2024\/08\/transferir-13.png\" class=\"attachment-full size-full wp-image-4225\" alt=\"\" srcset=\"https:\/\/referenceapartments.com\/wp-content\/uploads\/2024\/08\/transferir-13.png 1052w, https:\/\/referenceapartments.com\/wp-content\/uploads\/2024\/08\/transferir-13-300x200.png 300w, https:\/\/referenceapartments.com\/wp-content\/uploads\/2024\/08\/transferir-13-1024x682.png 1024w, https:\/\/referenceapartments.com\/wp-content\/uploads\/2024\/08\/transferir-13-768x512.png 768w\" sizes=\"(max-width: 1052px) 100vw, 1052px\" \/>\t\t\t\t\t\t\t\t\t\t\t\t\t\t\t<\/div>\n\t\t\t\t<\/div>\n\t\t\t\t\t<\/div>\n\t\t<\/div>\n\t\t\t\t\t<\/div>\n\t\t<\/section>\n\t\t\t\t<section class=\"elementor-section elementor-inner-section elementor-element elementor-element-2d595b5 elementor-section-full_width elementor-section-height-default elementor-section-height-default\" data-id=\"2d595b5\" data-element_type=\"section\">\n\t\t\t\t\t\t<div class=\"elementor-container elementor-column-gap-no\">\n\t\t\t\t\t<div class=\"elementor-column elementor-col-50 elementor-inner-column elementor-element elementor-element-f7ef066\" data-id=\"f7ef066\" data-element_type=\"column\">\n\t\t\t<div class=\"elementor-widget-wrap elementor-element-populated\">\n\t\t\t\t\t\t<div class=\"elementor-element elementor-element-301ebd1 elementor-widget__width-initial elementor-widget elementor-widget-image\" data-id=\"301ebd1\" data-element_type=\"widget\" data-widget_type=\"image.default\">\n\t\t\t\t<div class=\"elementor-widget-container\">\n\t\t\t\t\t\t\t\t\t\t\t\t\t\t\t<img loading=\"lazy\" decoding=\"async\" width=\"2560\" height=\"1707\" src=\"https:\/\/referenceapartments.com\/wp-content\/uploads\/2024\/08\/IMG_8124-HDR-1-scaled.jpg\" class=\"attachment-full size-full wp-image-4308\" alt=\"\" srcset=\"https:\/\/referenceapartments.com\/wp-content\/uploads\/2024\/08\/IMG_8124-HDR-1-scaled.jpg 2560w, https:\/\/referenceapartments.com\/wp-content\/uploads\/2024\/08\/IMG_8124-HDR-1-300x200.jpg 300w, https:\/\/referenceapartments.com\/wp-content\/uploads\/2024\/08\/IMG_8124-HDR-1-1024x683.jpg 1024w, https:\/\/referenceapartments.com\/wp-content\/uploads\/2024\/08\/IMG_8124-HDR-1-768x512.jpg 768w, https:\/\/referenceapartments.com\/wp-content\/uploads\/2024\/08\/IMG_8124-HDR-1-1536x1024.jpg 1536w, https:\/\/referenceapartments.com\/wp-content\/uploads\/2024\/08\/IMG_8124-HDR-1-2048x1365.jpg 2048w\" sizes=\"(max-width: 2560px) 100vw, 2560px\" \/>\t\t\t\t\t\t\t\t\t\t\t\t\t\t\t<\/div>\n\t\t\t\t<\/div>\n\t\t\t\t\t<\/div>\n\t\t<\/div>\n\t\t\t\t<div class=\"elementor-column elementor-col-50 elementor-inner-column elementor-element elementor-element-e565903\" data-id=\"e565903\" data-element_type=\"column\">\n\t\t\t<div class=\"elementor-widget-wrap elementor-element-populated\">\n\t\t\t\t\t\t<div class=\"elementor-element elementor-element-5db965c elementor-widget elementor-widget-heading\" data-id=\"5db965c\" data-element_type=\"widget\" data-widget_type=\"heading.default\">\n\t\t\t\t<div class=\"elementor-widget-container\">\n\t\t\t\t\t<h2 class=\"elementor-heading-title elementor-size-default\">Reference Apartment T0<\/h2>\t\t\t\t<\/div>\n\t\t\t\t<\/div>\n\t\t\t\t<div class=\"elementor-element elementor-element-9579015 elementor-widget__width-initial elementor-widget elementor-widget-text-editor\" data-id=\"9579015\" data-element_type=\"widget\" data-widget_type=\"text-editor.default\">\n\t\t\t\t<div class=\"elementor-widget-container\">\n\t\t\t\t\t\t\t\t\t<p><span class=\"lrl13de atm_kd_19r6f69_24z95b atm_kd_19r6f69_1xbvphn_1oszvuo dir dir-ltr\">Apartamento studio localizado no cora\u00e7\u00e3o de lisboa, no pr\u00edncipe real. Localizado num pr\u00e9dio constru\u00eddo recentemente, sendo o apartamento novo, a mob\u00edlia de excel\u00eancia e o colch\u00e3o no topo das classifica\u00e7\u00f5es no mercado. Desfrute de uma experi\u00eancia elegante neste espa\u00e7o de localiza\u00e7\u00e3o central<\/span><\/p>\t\t\t\t\t\t\t\t<\/div>\n\t\t\t\t<\/div>\n\t\t\t\t<div class=\"elementor-element elementor-element-c45f551 elementor-align-center elementor-widget__width-initial elementor-widget elementor-widget-button\" data-id=\"c45f551\" data-element_type=\"widget\" data-widget_type=\"button.default\">\n\t\t\t\t<div class=\"elementor-widget-container\">\n\t\t\t\t\t\t\t\t\t<div class=\"elementor-button-wrapper\">\n\t\t\t\t\t<a class=\"elementor-button elementor-button-link elementor-size-sm\" href=\"https:\/\/referenceapartments.talkguestwebsites.com\/en-GB\/rentals\/23211\/\" target=\"_blank\">\n\t\t\t\t\t\t<span class=\"elementor-button-content-wrapper\">\n\t\t\t\t\t\t\t\t\t<span class=\"elementor-button-text\">Book<\/span>\n\t\t\t\t\t<\/span>\n\t\t\t\t\t<\/a>\n\t\t\t\t<\/div>\n\t\t\t\t\t\t\t\t<\/div>\n\t\t\t\t<\/div>\n\t\t\t\t<div class=\"elementor-element elementor-element-5ab73cb elementor-align-center elementor-widget elementor-widget-button\" data-id=\"5ab73cb\" data-element_type=\"widget\" data-widget_type=\"button.default\">\n\t\t\t\t<div class=\"elementor-widget-container\">\n\t\t\t\t\t\t\t\t\t<div class=\"elementor-button-wrapper\">\n\t\t\t\t\t<a class=\"elementor-button elementor-button-link elementor-size-sm\" href=\"https:\/\/referenceapartments.com\/index.php\/galeria\/#APT0\">\n\t\t\t\t\t\t<span class=\"elementor-button-content-wrapper\">\n\t\t\t\t\t\t\t\t\t<span class=\"elementor-button-text\">Photographs<\/span>\n\t\t\t\t\t<\/span>\n\t\t\t\t\t<\/a>\n\t\t\t\t<\/div>\n\t\t\t\t\t\t\t\t<\/div>\n\t\t\t\t<\/div>\n\t\t\t\t\t<\/div>\n\t\t<\/div>\n\t\t\t\t\t<\/div>\n\t\t<\/section>\n\t\t\t\t\t<\/div>\n\t\t<\/div>\n\t\t\t\t\t<\/div>\n\t\t<\/section>\n\t\t\t\t<\/div>","protected":false},"excerpt":{"rendered":"<p>Apartamentos Nos nossos Apartamentos pode ter uma incr\u00edvel experi\u00eancia, quer esteja de f\u00e9rias ou em trabalho. Veja aqui a variedade de quartos que temos \u00e0 sua disposi\u00e7\u00e3o e escolha a melhor op\u00e7\u00e3o para o seu conforto. Apartamento de refer\u00eancia T1 Apartamento espa\u00e7oso localizado no cora\u00e7\u00e3o de Lisboa, no pr\u00edncipe real. Localizado num pr\u00e9dio constru\u00eddo recentemente, [&hellip;]<\/p>","protected":false},"author":1,"featured_media":0,"parent":0,"menu_order":0,"comment_status":"closed","ping_status":"closed","template":"","meta":{"site-sidebar-layout":"no-sidebar","site-content-layout":"page-builder","ast-site-content-layout":"","site-content-style":"default","site-sidebar-style":"default","ast-global-header-display":"","ast-banner-title-visibility":"","ast-main-header-display":"","ast-hfb-above-header-display":"","ast-hfb-below-header-display":"","ast-hfb-mobile-header-display":"","site-post-title":"disabled","ast-breadcrumbs-content":"","ast-featured-img":"disabled","footer-sml-layout":"","theme-transparent-header-meta":"","adv-header-id-meta":"","stick-header-meta":"","header-above-stick-meta":"","header-main-stick-meta":"","header-below-stick-meta":"","astra-migrate-meta-layouts":"default","ast-page-background-enabled":"default","ast-page-background-meta":{"desktop":{"background-color":"","background-image":"","background-repeat":"repeat","background-position":"center center","background-size":"auto","background-attachment":"scroll","background-type":"","background-media":"","overlay-type":"","overlay-color":"","overlay-opacity":"","overlay-gradient":""},"tablet":{"background-color":"","background-image":"","background-repeat":"repeat","background-position":"center center","background-size":"auto","background-attachment":"scroll","background-type":"","background-media":"","overlay-type":"","overlay-color":"","overlay-opacity":"","overlay-gradient":""},"mobile":{"background-color":"","background-image":"","background-repeat":"repeat","background-position":"center center","background-size":"auto","background-attachment":"scroll","background-type":"","background-media":"","overlay-type":"","overlay-color":"","overlay-opacity":"","overlay-gradient":""}},"ast-content-background-meta":{"desktop":{"background-color":"var(--ast-global-color-5)","background-image":"","background-repeat":"repeat","background-position":"center center","background-size":"auto","background-attachment":"scroll","background-type":"","background-media":"","overlay-type":"","overlay-color":"","overlay-opacity":"","overlay-gradient":""},"tablet":{"background-color":"var(--ast-global-color-5)","background-image":"","background-repeat":"repeat","background-position":"center center","background-size":"auto","background-attachment":"scroll","background-type":"","background-media":"","overlay-type":"","overlay-color":"","overlay-opacity":"","overlay-gradient":""},"mobile":{"background-color":"var(--ast-global-color-5)","background-image":"","background-repeat":"repeat","background-position":"center center","background-size":"auto","background-attachment":"scroll","background-type":"","background-media":"","overlay-type":"","overlay-color":"","overlay-opacity":"","overlay-gradient":""}},"footnotes":""},"class_list":["post-2888","page","type-page","status-publish","hentry"],"aioseo_notices":[],"_links":{"self":[{"href":"https:\/\/referenceapartments.com\/en\/wp-json\/wp\/v2\/pages\/2888","targetHints":{"allow":["GET"]}}],"collection":[{"href":"https:\/\/referenceapartments.com\/en\/wp-json\/wp\/v2\/pages"}],"about":[{"href":"https:\/\/referenceapartments.com\/en\/wp-json\/wp\/v2\/types\/page"}],"author":[{"embeddable":true,"href":"https:\/\/referenceapartments.com\/en\/wp-json\/wp\/v2\/users\/1"}],"replies":[{"embeddable":true,"href":"https:\/\/referenceapartments.com\/en\/wp-json\/wp\/v2\/comments?post=2888"}],"version-history":[{"count":161,"href":"https:\/\/referenceapartments.com\/en\/wp-json\/wp\/v2\/pages\/2888\/revisions"}],"predecessor-version":[{"id":4804,"href":"https:\/\/referenceapartments.com\/en\/wp-json\/wp\/v2\/pages\/2888\/revisions\/4804"}],"wp:attachment":[{"href":"https:\/\/referenceapartments.com\/en\/wp-json\/wp\/v2\/media?parent=2888"}],"curies":[{"name":"wp","href":"https:\/\/api.w.org\/{rel}","templated":true}]}}