{"id":4152,"date":"2024-08-26T16:38:33","date_gmt":"2024-08-26T16:38:33","guid":{"rendered":"https:\/\/referenceapartments.com\/?page_id=4152"},"modified":"2024-10-15T12:44:38","modified_gmt":"2024-10-15T12:44:38","slug":"termos-e-condicoes","status":"publish","type":"page","link":"https:\/\/referenceapartments.com\/en\/termos-e-condicoes\/","title":{"rendered":"Terms and Conditions"},"content":{"rendered":"<h2 class=\"wp-block-heading\">1. Terms<\/h2>\n\n\n\n<p>By accessing the Reference Apartments site, you agree to comply with these terms of service, all applicable laws and regulations, and you agree that you are responsible for complying with all applicable local laws. If you do not agree with any of these terms, you are prohibited from using or accessing this site. The materials contained on this site are protected by applicable copyright and trademark laws.<\/p>\n\n\n\n<h2 class=\"wp-block-heading\">2. License Use<\/h2>\n\n\n\n<p>Permission is granted to temporarily download one copy of the materials (information or software) on the Reference Apartments site, only for personal and non-commercial viewing. This is the grant of a license, not a transfer of title, and under this license, you may not:&nbsp;<\/p>\n\n\n\n<ol class=\"wp-block-list\">\n<li>modify or copy the materials;&nbsp;<\/li>\n\n\n\n<li>use the materials for any commercial purpose or for public display (commercial or non-commercial);&nbsp;<\/li>\n\n\n\n<li>attempt to decompile or reverse engineer any software contained on the Reference Apartments site;&nbsp;<\/li>\n\n\n\n<li>remove any copyright or other proprietary notations from the materials; <\/li>\n\n\n\n<li>transfer the materials to another person or 'mirror' the materials on any other server.<\/li>\n<\/ol>\n\n\n\n<p>This license will be automatically terminated if you violate any of these restrictions and may be terminated by Reference Apartments at any time. Upon terminating your viewing of these materials or upon the termination of this license, you must destroy any downloaded materials in your possession, whether in electronic or printed format.<\/p>\n\n\n\n<h2 class=\"wp-block-heading\">3. Disclaimer<\/h2>\n\n\n\n<ol class=\"wp-block-list\">\n<li>The materials on the Reference Apartments site are provided 'as is.' Reference Apartments makes no warranties, expressed or implied, and hereby disclaims and negates all other warranties, including, without limitation, implied warranties or conditions of merchantability, fitness for a particular purpose, or non-infringement of intellectual property or other rights.<\/li>\n\n\n\n<li>Furthermore, Reference Apartments does not guarantee or make any representations regarding the accuracy, likely results, or reliability of the use of the materials on its site or otherwise relating to those materials or on sites linked to this site.<\/li>\n<\/ol>\n\n\n\n<h2 class=\"wp-block-heading\">4. Limitations<\/h2>\n\n\n\n<p>Under no circumstances shall Reference Apartments or its suppliers be liable for any damages (including, without limitation, damages for loss of data or profits or due to business interruption) arising out of the use or inability to use the materials on Reference Apartments, even if Reference Apartments or an authorized representative of Reference Apartments has been notified orally or in writing of the possibility of such damages. As some jurisdictions do not allow limitations on implied warranties, or limitations of liability for consequential or incidental damages, these limitations may not apply to you.<\/p>\n\n\n\n<h2 class=\"wp-block-heading\">5. Accuracy of Materials<\/h2>\n\n\n\n<p>The materials displayed on the Reference Apartments site may include technical, typographical, or photographic errors. Reference Apartments does not warrant that any material on its site is accurate, complete, or current. Reference Apartments may make changes to the materials contained on its site at any time without notice. However, Reference Apartments does not commit to updating the materials.<\/p>\n\n\n\n<h2 class=\"wp-block-heading\">6. Links<\/h2>\n\n\n\n<p>Reference Apartments has not reviewed all the sites linked to its site and is not responsible for the content of any linked site. The inclusion of any link does not imply endorsement by Reference Apartments of the site. Use of any linked site is at the user's own risk.<\/p>\n\n\n\n<h3 class=\"wp-block-heading\">Modifications<\/h3>\n\n\n\n<p>Reference Apartments may revise these terms of service for the site at any time without prior notice. By using this site, you agree to be bound by the current version of these terms of service.<\/p>\n\n\n\n<h3 class=\"wp-block-heading\">Applicable Law<\/h3>\n\n\n\n<p>These terms and conditions are governed by and construed in accordance with the laws of Reference Apartments, and you irrevocably submit to the exclusive jurisdiction of the courts in that state or locality.<\/p>","protected":false},"excerpt":{"rendered":"<p>1. Termos Ao acessar ao site Reference Apartments, concorda em cumprir estes termos de servi\u00e7o, todas as leis e regulamentos aplic\u00e1veis \u200b\u200be concorda que \u00e9 respons\u00e1vel pelo cumprimento de todas as leis locais aplic\u00e1veis. Se voc\u00ea n\u00e3o concordar com algum desses termos, est\u00e1 proibido de usar ou acessar este site. Os materiais contidos neste site [&hellip;]<\/p>","protected":false},"author":1,"featured_media":0,"parent":0,"menu_order":0,"comment_status":"closed","ping_status":"closed","template":"","meta":{"site-sidebar-layout":"default","site-content-layout":"","ast-site-content-layout":"","site-content-style":"default","site-sidebar-style":"default","ast-global-header-display":"","ast-banner-title-visibility":"","ast-main-header-display":"","ast-hfb-above-header-display":"","ast-hfb-below-header-display":"","ast-hfb-mobile-header-display":"","site-post-title":"","ast-breadcrumbs-content":"","ast-featured-img":"","footer-sml-layout":"","theme-transparent-header-meta":"","adv-header-id-meta":"","stick-header-meta":"","header-above-stick-meta":"","header-main-stick-meta":"","header-below-stick-meta":"","astra-migrate-meta-layouts":"default","ast-page-background-enabled":"default","ast-page-background-meta":{"desktop":{"background-color":"","background-image":"","background-repeat":"repeat","background-position":"center center","background-size":"auto","background-attachment":"scroll","background-type":"","background-media":"","overlay-type":"","overlay-color":"","overlay-opacity":"","overlay-gradient":""},"tablet":{"background-color":"","background-image":"","background-repeat":"repeat","background-position":"center center","background-size":"auto","background-attachment":"scroll","background-type":"","background-media":"","overlay-type":"","overlay-color":"","overlay-opacity":"","overlay-gradient":""},"mobile":{"background-color":"","background-image":"","background-repeat":"repeat","background-position":"center center","background-size":"auto","background-attachment":"scroll","background-type":"","background-media":"","overlay-type":"","overlay-color":"","overlay-opacity":"","overlay-gradient":""}},"ast-content-background-meta":{"desktop":{"background-color":"var(--ast-global-color-5)","background-image":"","background-repeat":"repeat","background-position":"center center","background-size":"auto","background-attachment":"scroll","background-type":"","background-media":"","overlay-type":"","overlay-color":"","overlay-opacity":"","overlay-gradient":""},"tablet":{"background-color":"var(--ast-global-color-5)","background-image":"","background-repeat":"repeat","background-position":"center center","background-size":"auto","background-attachment":"scroll","background-type":"","background-media":"","overlay-type":"","overlay-color":"","overlay-opacity":"","overlay-gradient":""},"mobile":{"background-color":"var(--ast-global-color-5)","background-image":"","background-repeat":"repeat","background-position":"center center","background-size":"auto","background-attachment":"scroll","background-type":"","background-media":"","overlay-type":"","overlay-color":"","overlay-opacity":"","overlay-gradient":""}},"footnotes":""},"class_list":["post-4152","page","type-page","status-publish","hentry"],"aioseo_notices":[],"_links":{"self":[{"href":"https:\/\/referenceapartments.com\/en\/wp-json\/wp\/v2\/pages\/4152","targetHints":{"allow":["GET"]}}],"collection":[{"href":"https:\/\/referenceapartments.com\/en\/wp-json\/wp\/v2\/pages"}],"about":[{"href":"https:\/\/referenceapartments.com\/en\/wp-json\/wp\/v2\/types\/page"}],"author":[{"embeddable":true,"href":"https:\/\/referenceapartments.com\/en\/wp-json\/wp\/v2\/users\/1"}],"replies":[{"embeddable":true,"href":"https:\/\/referenceapartments.com\/en\/wp-json\/wp\/v2\/comments?post=4152"}],"version-history":[{"count":3,"href":"https:\/\/referenceapartments.com\/en\/wp-json\/wp\/v2\/pages\/4152\/revisions"}],"predecessor-version":[{"id":4355,"href":"https:\/\/referenceapartments.com\/en\/wp-json\/wp\/v2\/pages\/4152\/revisions\/4355"}],"wp:attachment":[{"href":"https:\/\/referenceapartments.com\/en\/wp-json\/wp\/v2\/media?parent=4152"}],"curies":[{"name":"wp","href":"https:\/\/api.w.org\/{rel}","templated":true}]}}